{"id":10241,"date":"2024-12-04T14:35:14","date_gmt":"2024-12-04T19:35:14","guid":{"rendered":"https:\/\/ccna-ccnv.ca\/pour-nous-joindre\/"},"modified":"2025-01-31T13:11:56","modified_gmt":"2025-01-31T18:11:56","slug":"pour-nous-joindre","status":"publish","type":"page","link":"https:\/\/ccna-ccnv.ca\/fr\/pour-nous-joindre\/","title":{"rendered":"Contactez-nous"},"content":{"rendered":"<p><div class=\"fusion-fullwidth fullwidth-box fusion-builder-row-1 fusion-flex-container has-pattern-background has-mask-background nonhundred-percent-fullwidth non-hundred-percent-height-scrolling\" style=\"--awb-border-radius-top-left:0px;--awb-border-radius-top-right:0px;--awb-border-radius-bottom-right:0px;--awb-border-radius-bottom-left:0px;--awb-padding-top:96px;--awb-padding-bottom:96px;--awb-padding-top-small:56px;--awb-padding-bottom-small:56px;--awb-flex-wrap:wrap;\" ><div class=\"fusion-builder-row fusion-row fusion-flex-align-items-center fusion-flex-justify-content-center fusion-flex-content-wrap\" style=\"max-width:1456px;margin-left: calc(-4% \/ 2 );margin-right: calc(-4% \/ 2 );\"><div class=\"fusion-layout-column fusion_builder_column fusion-builder-column-0 fusion_builder_column_1_2 1_2 fusion-flex-column fusion-animated\" style=\"--awb-bg-size:cover;--awb-width-large:50%;--awb-margin-top-large:0px;--awb-spacing-right-large:3.84%;--awb-margin-bottom-large:0px;--awb-spacing-left-large:3.84%;--awb-width-medium:100%;--awb-order-medium:0;--awb-spacing-right-medium:1.92%;--awb-spacing-left-medium:1.92%;--awb-width-small:100%;--awb-order-small:0;--awb-spacing-right-small:1.92%;--awb-spacing-left-small:1.92%;\" data-animationType=\"fadeInDown\" data-animationDuration=\"1.0\" data-animationOffset=\"top-into-view\"><div class=\"fusion-column-wrapper fusion-column-has-shadow fusion-flex-justify-content-flex-start fusion-content-layout-column\"><div class=\"fusion-title title fusion-title-1 fusion-sep-none fusion-title-text fusion-title-size-two fusion-animated\" style=\"--awb-margin-bottom:24px;--awb-margin-bottom-small:24px;--awb-font-size:var(--awb-typography2-font-size);\" data-animationType=\"fadeInDown\" data-animationDuration=\"1.0\" data-animationOffset=\"top-into-view\"><h2 class=\"fusion-title-heading title-heading-left fusion-responsive-typography-calculated\" style=\"font-family:var(--awb-typography2-font-family);font-weight:var(--awb-typography2-font-weight);font-style:var(--awb-typography2-font-style);margin:0;font-size:1em;letter-spacing:var(--awb-typography2-letter-spacing);text-transform:var(--awb-typography2-text-transform);--fontSize:40;line-height:var(--awb-typography2-line-height);\"><strong><span class=\"highlight-text\">Questions?<\/span><\/strong> Commentaires?<\/h2><\/div><div class=\"fusion-text fusion-text-1 fusion-animated\" data-animationType=\"fadeInDown\" data-animationDuration=\"1.0\" data-animationDelay=\"0.3\" data-animationOffset=\"top-into-view\"><p>Pour toute question concernant le Consortium canadien en neurod\u00e9g\u00e9n\u00e9rescence associ\u00e9e au vieillissement (CCNV), n&rsquo;h\u00e9sitez pas \u00e0 nous contacter. Nous sommes impatients de discuter et de collaborer pour faire avancer la recherche sur les troubles neurocognitifs et le vieillissement.<\/p>\n<\/div><div class=\"fusion-text fusion-text-2 fusion-animated\" data-animationType=\"fadeInDown\" data-animationDuration=\"1.0\" data-animationDelay=\"0.3\" data-animationOffset=\"top-into-view\"><p>Courriel: <a href=\"mailto:ccna.central@gmail.com\"><strong>ccna.central@gmail.com<\/strong><\/a><\/p>\n<\/div><\/div><\/div><div class=\"fusion-layout-column fusion_builder_column fusion-builder-column-1 fusion_builder_column_1_2 1_2 fusion-flex-column fusion-animated\" style=\"--awb-bg-size:cover;--awb-width-large:50%;--awb-margin-top-large:0px;--awb-spacing-right-large:3.84%;--awb-margin-bottom-large:0px;--awb-spacing-left-large:3.84%;--awb-width-medium:100%;--awb-order-medium:0;--awb-margin-top-medium:48px;--awb-spacing-right-medium:1.92%;--awb-spacing-left-medium:1.92%;--awb-width-small:100%;--awb-order-small:0;--awb-spacing-right-small:1.92%;--awb-spacing-left-small:1.92%;\" data-animationType=\"fadeInDown\" data-animationDuration=\"1.0\" data-animationDelay=\"0.3\" data-animationOffset=\"top-into-view\"><div class=\"fusion-column-wrapper fusion-column-has-shadow fusion-flex-justify-content-flex-start fusion-content-layout-column\"><div class=\"fusion-form fusion-form-builder fusion-form-form-wrapper fusion-form-10049\" style=\"--awb-tooltip-text-color:#ffffff;--awb-tooltip-background-color:#333333;--awb-field-margin-top:8px;--awb-field-margin-bottom:8px;\" data-form-id=\"10049\" data-config=\"{&quot;form_id&quot;:10049,&quot;form_post_id&quot;:10049,&quot;post_id&quot;:10241,&quot;form_type&quot;:&quot;ajax&quot;,&quot;confirmation_type&quot;:&quot;redirect&quot;,&quot;redirect_url&quot;:&quot;\\\/fr\\\/merci-de-nous-avoir-contactes\\\/&quot;,&quot;field_labels&quot;:{&quot;first_name&quot;:&quot;&quot;,&quot;last_name&quot;:&quot;&quot;,&quot;email_address&quot;:&quot;&quot;,&quot;message&quot;:&quot;&quot;},&quot;field_logics&quot;:{&quot;first_name&quot;:&quot;&quot;,&quot;last_name&quot;:&quot;&quot;,&quot;email_address&quot;:&quot;&quot;,&quot;message&quot;:&quot;&quot;,&quot;notice_1&quot;:&quot;&quot;},&quot;field_types&quot;:{&quot;first_name&quot;:&quot;text&quot;,&quot;last_name&quot;:&quot;text&quot;,&quot;email_address&quot;:&quot;email&quot;,&quot;message&quot;:&quot;textarea&quot;,&quot;submit_1&quot;:&quot;submit&quot;,&quot;recaptcha_1&quot;:&quot;recaptcha&quot;,&quot;notice_1&quot;:&quot;notice&quot;},&quot;nonce_method&quot;:&quot;ajax&quot;}\"><form action=\"https:\/\/ccna-ccnv.ca\/fr\/pour-nous-joindre\/\" method=\"post\" class=\"fusion-form fusion-form-10049\"><div class=\"fusion-fullwidth fullwidth-box fusion-builder-row-1-1 fusion-flex-container has-pattern-background has-mask-background nonhundred-percent-fullwidth non-hundred-percent-height-scrolling\" style=\"--awb-border-radius-top-left:0px;--awb-border-radius-top-right:0px;--awb-border-radius-bottom-right:0px;--awb-border-radius-bottom-left:0px;--awb-flex-wrap:wrap;\" ><div class=\"fusion-builder-row fusion-row fusion-flex-align-items-flex-start fusion-flex-content-wrap\" style=\"width:calc( 100% + 16px ) !important;max-width:calc( 100% + 16px ) !important;margin-left: calc(-16px \/ 2 );margin-right: calc(-16px \/ 2 );\"><div class=\"fusion-layout-column fusion_builder_column fusion-builder-column-2 fusion_builder_column_1_1 1_1 fusion-flex-column\" style=\"--awb-bg-size:cover;--awb-width-large:100%;--awb-margin-top-large:0px;--awb-spacing-right-large:8px;--awb-margin-bottom-large:0px;--awb-spacing-left-large:8px;--awb-width-medium:100%;--awb-order-medium:0;--awb-spacing-right-medium:8px;--awb-spacing-left-medium:8px;--awb-width-small:100%;--awb-order-small:0;--awb-spacing-right-small:8px;--awb-spacing-left-small:8px;\"><div class=\"fusion-column-wrapper fusion-column-has-shadow fusion-flex-justify-content-flex-start fusion-content-layout-column\"><div class=\"fusion-builder-row fusion-builder-row-inner fusion-row fusion-flex-align-items-flex-start fusion-flex-content-wrap\" style=\"width:calc( 100% + 16px ) !important;max-width:calc( 100% + 16px ) !important;margin-left: calc(-16px \/ 2 );margin-right: calc(-16px \/ 2 );\"><div class=\"fusion-layout-column fusion_builder_column_inner fusion-builder-nested-column-0 fusion_builder_column_inner_1_2 1_2 fusion-flex-column\" style=\"--awb-bg-size:cover;--awb-width-large:50%;--awb-margin-top-large:0px;--awb-spacing-right-large:8px;--awb-margin-bottom-large:0px;--awb-spacing-left-large:8px;--awb-width-medium:50%;--awb-order-medium:0;--awb-spacing-right-medium:8px;--awb-spacing-left-medium:8px;--awb-width-small:100%;--awb-order-small:0;--awb-spacing-right-small:8px;--awb-spacing-left-small:8px;\"><div class=\"fusion-column-wrapper fusion-column-has-shadow fusion-flex-justify-content-flex-start fusion-content-layout-column\"><div class=\"fusion-form-field fusion-form-text-field fusion-form-label-above\" style=\"\" data-form-id=\"10049\"><input type=\"text\" autocomplete=\"off\" name=\"first_name\" id=\"first_name\" value=\"\"  class=\"fusion-form-input\" required=\"true\" aria-required=\"true\" placeholder=\"Pr\u00e9nom *\" data-holds-private-data=\"false\" minlength=\"2\" maxlength=\"120\"\/><\/div><\/div><\/div><div class=\"fusion-layout-column fusion_builder_column_inner fusion-builder-nested-column-1 fusion_builder_column_inner_1_2 1_2 fusion-flex-column\" style=\"--awb-bg-size:cover;--awb-width-large:50%;--awb-margin-top-large:0px;--awb-spacing-right-large:8px;--awb-margin-bottom-large:0px;--awb-spacing-left-large:8px;--awb-width-medium:50%;--awb-order-medium:0;--awb-spacing-right-medium:8px;--awb-spacing-left-medium:8px;--awb-width-small:100%;--awb-order-small:0;--awb-spacing-right-small:8px;--awb-spacing-left-small:8px;\"><div class=\"fusion-column-wrapper fusion-column-has-shadow fusion-flex-justify-content-flex-start fusion-content-layout-column\"><div class=\"fusion-form-field fusion-form-text-field fusion-form-label-above\" style=\"\" data-form-id=\"10049\"><input type=\"text\" autocomplete=\"off\" name=\"last_name\" id=\"last_name\" value=\"\"  class=\"fusion-form-input\" required=\"true\" aria-required=\"true\" placeholder=\"Nom *\" data-holds-private-data=\"false\" minlength=\"2\" maxlength=\"120\"\/><\/div><\/div><\/div><\/div><div class=\"fusion-form-field fusion-form-email-field fusion-form-label-above\" style=\"\" data-form-id=\"10049\"><input type=\"email\" autocomplete=\"off\" name=\"email_address\" id=\"email_address\" value=\"\"  class=\"fusion-form-input\" required=\"true\" aria-required=\"true\" placeholder=\"Courriel *\" data-holds-private-data=\"false\"\/><\/div><div class=\"fusion-form-field fusion-form-textarea-field fusion-form-label-above\" style=\"\" data-form-id=\"10049\"><textarea cols=\"40\" autocomplete=\"off\"  minlength=\"0\"  rows=\"2\" tabindex=\"\" id=\"message\" name=\"message\" class=\"fusion-form-input\" placeholder=\"Comment pouvons-nous vous aider? \" data-holds-private-data=\"false\"><\/textarea><\/div><div class=\"fusion-form-field fusion-form-submit-field fusion-form-label-above\" style=\"\" data-form-id=\"10049\"><div ><button type=\"submit\" class=\"fusion-button button-flat fusion-button-default-size button-default fusion-button-default button-1 fusion-button-default-span  form-form-submit button-default\" data-hover=\"bg_slide_right\" data-form-number=\"10049\" tabindex=\"\"><span class=\"fusion-button-text awb-button__text awb-button__text--default\">Envoyer<\/span><\/button><\/div><\/div><div class=\"fusion-form-field fusion-form-recaptcha-field fusion-form-label-above\" style=\"\" data-form-id=\"10049\">\t\t\t\t<div class=\"form-creator-recaptcha\" >\n\t\t\t\t\t\t\t\t\t\t\t\t\t\t\t\t\t\t\t\t\t\t\t\t<div\n\t\t\t\t\t\t\tid=\"g-recaptcha-id-form-10049\"\n\t\t\t\t\t\t\tclass=\"fusion-form-recaptcha-v3 recaptcha-container  fusion-form-hide-recaptcha-badge\"\n\t\t\t\t\t\t\tdata-sitekey=\"6LcbJMkqAAAAACM-seOcbNddveEj9yyKLdgYnn-0\"\n\t\t\t\t\t\t\tdata-badge=\"hide\">\n\t\t\t\t\t\t<\/div>\n\t\t\t\t\t\t<input\n\t\t\t\t\t\t\ttype=\"hidden\"\n\t\t\t\t\t\t\tname=\"fusion-form-recaptcha-response\"\n\t\t\t\t\t\t\tclass=\"g-recaptcha-response\"\n\t\t\t\t\t\t\tid=\"fusion-form-recaptcha-response-10049\"\n\t\t\t\t\t\t\tvalue=\"\">\n\t\t\t\t\t\t\t\t\t\t\t\t\t\t\t<\/div>\n\t\t\t\t<\/div><div class=\"form-submission-notices data-notice_1\" id=\"fusion-notices-1\"><div class=\"fusion-alert alert success alert-success fusion-alert-center fusion-form-response fusion-form-response-success awb-alert-native-link-color alert-dismissable awb-alert-close-boxed\" role=\"alert\"><div class=\"fusion-alert-content-wrapper\"><span class=\"alert-icon\"><i class=\"awb-icon-check-circle\" aria-hidden=\"true\"><\/i><\/span><span class=\"fusion-alert-content\">Merci pour votre message. Nous vous contacterons dans les plus brefs d\u00e9lais.<\/span><\/div><button type=\"button\" class=\"close toggle-alert\" data-dismiss=\"alert\" aria-label=\"Close\">&times;<\/button><\/div><div class=\"fusion-alert alert error alert-danger fusion-alert-center fusion-form-response fusion-form-response-error awb-alert-native-link-color alert-dismissable awb-alert-close-boxed\" role=\"alert\"><div class=\"fusion-alert-content-wrapper\"><span class=\"alert-icon\"><i class=\"awb-icon-exclamation-triangle\" aria-hidden=\"true\"><\/i><\/span><span class=\"fusion-alert-content\">There was an error trying to send your message. Please try again later.<\/span><\/div><button type=\"button\" class=\"close toggle-alert\" data-dismiss=\"alert\" aria-label=\"Close\">&times;<\/button><\/div><\/div><\/div><\/div><\/div><\/div><input type=\"hidden\" name=\"fusion_privacy_store_ip_ua\" value=\"false\"><input type=\"hidden\" name=\"fusion_privacy_expiration_interval\" value=\"48\"><input type=\"hidden\" name=\"privacy_expiration_action\" value=\"anonymize\"><\/form><\/div><\/div><\/div><\/div><\/div><div class=\"fusion-fullwidth fullwidth-box fusion-builder-row-2 fusion-flex-container has-pattern-background has-mask-background nonhundred-percent-fullwidth non-hundred-percent-height-scrolling\" style=\"--awb-border-radius-top-left:0px;--awb-border-radius-top-right:0px;--awb-border-radius-bottom-right:0px;--awb-border-radius-bottom-left:0px;--awb-padding-bottom:56px;--awb-padding-right-small:16px;--awb-padding-bottom-small:24px;--awb-padding-left-small:16px;--awb-flex-wrap:wrap;\" ><\/div>\n<\/p>\n","protected":false},"excerpt":{"rendered":"","protected":false},"author":11,"featured_media":0,"parent":0,"menu_order":0,"comment_status":"closed","ping_status":"closed","template":"100-width.php","meta":{"_acf_changed":false,"footnotes":""},"class_list":["post-10241","page","type-page","status-publish","hentry"],"acf":[],"yoast_head":"<!-- This site is optimized with the Yoast SEO plugin v25.8 - https:\/\/yoast.com\/wordpress\/plugins\/seo\/ -->\n<title>Contactez-nous - CCNA - CCNV<\/title>\n<meta name=\"robots\" content=\"index, follow, max-snippet:-1, max-image-preview:large, max-video-preview:-1\" \/>\n<link rel=\"canonical\" href=\"https:\/\/ccna-ccnv.ca\/fr\/pour-nous-joindre\/\" \/>\n<meta property=\"og:locale\" content=\"fr_CA\" \/>\n<meta property=\"og:type\" content=\"article\" \/>\n<meta property=\"og:title\" content=\"Contactez-nous - CCNA - CCNV\" \/>\n<meta property=\"og:url\" content=\"https:\/\/ccna-ccnv.ca\/fr\/pour-nous-joindre\/\" \/>\n<meta property=\"og:site_name\" content=\"CCNA - CCNV\" \/>\n<meta property=\"article:modified_time\" content=\"2025-01-31T18:11:56+00:00\" \/>\n<meta property=\"og:image\" content=\"https:\/\/ccna-ccnv.ca\/wp-content\/uploads\/2025\/01\/CCNA.jpg\" \/>\n\t<meta property=\"og:image:width\" content=\"1200\" \/>\n\t<meta property=\"og:image:height\" content=\"675\" \/>\n\t<meta property=\"og:image:type\" content=\"image\/jpeg\" \/>\n<meta name=\"twitter:card\" content=\"summary_large_image\" \/>\n<meta name=\"twitter:label1\" content=\"Estimation du temps de lecture\" \/>\n\t<meta name=\"twitter:data1\" content=\"5 minutes\" \/>\n<script type=\"application\/ld+json\" class=\"yoast-schema-graph\">{\"@context\":\"https:\/\/schema.org\",\"@graph\":[{\"@type\":\"WebPage\",\"@id\":\"https:\/\/ccna-ccnv.ca\/fr\/pour-nous-joindre\/\",\"url\":\"https:\/\/ccna-ccnv.ca\/fr\/pour-nous-joindre\/\",\"name\":\"Contactez-nous - CCNA - CCNV\",\"isPartOf\":{\"@id\":\"https:\/\/ccna-ccnv.ca\/fr\/#website\"},\"datePublished\":\"2024-12-04T19:35:14+00:00\",\"dateModified\":\"2025-01-31T18:11:56+00:00\",\"breadcrumb\":{\"@id\":\"https:\/\/ccna-ccnv.ca\/fr\/pour-nous-joindre\/#breadcrumb\"},\"inLanguage\":\"fr-CA\",\"potentialAction\":[{\"@type\":\"ReadAction\",\"target\":[\"https:\/\/ccna-ccnv.ca\/fr\/pour-nous-joindre\/\"]}]},{\"@type\":\"BreadcrumbList\",\"@id\":\"https:\/\/ccna-ccnv.ca\/fr\/pour-nous-joindre\/#breadcrumb\",\"itemListElement\":[{\"@type\":\"ListItem\",\"position\":1,\"name\":\"Home\",\"item\":\"https:\/\/ccna-ccnv.ca\/fr\/\"},{\"@type\":\"ListItem\",\"position\":2,\"name\":\"Contactez-nous\"}]},{\"@type\":\"WebSite\",\"@id\":\"https:\/\/ccna-ccnv.ca\/fr\/#website\",\"url\":\"https:\/\/ccna-ccnv.ca\/fr\/\",\"name\":\"Canadian Consortium on Neurodegeneration in Aging\",\"description\":\"\",\"publisher\":{\"@id\":\"https:\/\/ccna-ccnv.ca\/fr\/#organization\"},\"alternateName\":\"CCNA - CCNV\",\"potentialAction\":[{\"@type\":\"SearchAction\",\"target\":{\"@type\":\"EntryPoint\",\"urlTemplate\":\"https:\/\/ccna-ccnv.ca\/fr\/?s={search_term_string}\"},\"query-input\":{\"@type\":\"PropertyValueSpecification\",\"valueRequired\":true,\"valueName\":\"search_term_string\"}}],\"inLanguage\":\"fr-CA\"},{\"@type\":\"Organization\",\"@id\":\"https:\/\/ccna-ccnv.ca\/fr\/#organization\",\"name\":\"Canadian Consortium on Neurodegeneration in Aging\",\"alternateName\":\"CCNA - CCNV\",\"url\":\"https:\/\/ccna-ccnv.ca\/fr\/\",\"logo\":{\"@type\":\"ImageObject\",\"inLanguage\":\"fr-CA\",\"@id\":\"https:\/\/ccna-ccnv.ca\/fr\/#\/schema\/logo\/image\/\",\"url\":\"https:\/\/ccna-ccnv.ca\/wp-content\/uploads\/2025\/01\/ccna-logo-on-white-background.jpg\",\"contentUrl\":\"https:\/\/ccna-ccnv.ca\/wp-content\/uploads\/2025\/01\/ccna-logo-on-white-background.jpg\",\"width\":696,\"height\":696,\"caption\":\"Canadian Consortium on Neurodegeneration in Aging\"},\"image\":{\"@id\":\"https:\/\/ccna-ccnv.ca\/fr\/#\/schema\/logo\/image\/\"}}]}<\/script>\n<!-- \/ Yoast SEO plugin. -->","yoast_head_json":{"title":"Contactez-nous - CCNA - CCNV","robots":{"index":"index","follow":"follow","max-snippet":"max-snippet:-1","max-image-preview":"max-image-preview:large","max-video-preview":"max-video-preview:-1"},"canonical":"https:\/\/ccna-ccnv.ca\/fr\/pour-nous-joindre\/","og_locale":"fr_CA","og_type":"article","og_title":"Contactez-nous - CCNA - CCNV","og_url":"https:\/\/ccna-ccnv.ca\/fr\/pour-nous-joindre\/","og_site_name":"CCNA - CCNV","article_modified_time":"2025-01-31T18:11:56+00:00","og_image":[{"width":1200,"height":675,"url":"https:\/\/ccna-ccnv.ca\/wp-content\/uploads\/2025\/01\/CCNA.jpg","type":"image\/jpeg"}],"twitter_card":"summary_large_image","twitter_misc":{"Estimation du temps de lecture":"5 minutes"},"schema":{"@context":"https:\/\/schema.org","@graph":[{"@type":"WebPage","@id":"https:\/\/ccna-ccnv.ca\/fr\/pour-nous-joindre\/","url":"https:\/\/ccna-ccnv.ca\/fr\/pour-nous-joindre\/","name":"Contactez-nous - CCNA - CCNV","isPartOf":{"@id":"https:\/\/ccna-ccnv.ca\/fr\/#website"},"datePublished":"2024-12-04T19:35:14+00:00","dateModified":"2025-01-31T18:11:56+00:00","breadcrumb":{"@id":"https:\/\/ccna-ccnv.ca\/fr\/pour-nous-joindre\/#breadcrumb"},"inLanguage":"fr-CA","potentialAction":[{"@type":"ReadAction","target":["https:\/\/ccna-ccnv.ca\/fr\/pour-nous-joindre\/"]}]},{"@type":"BreadcrumbList","@id":"https:\/\/ccna-ccnv.ca\/fr\/pour-nous-joindre\/#breadcrumb","itemListElement":[{"@type":"ListItem","position":1,"name":"Home","item":"https:\/\/ccna-ccnv.ca\/fr\/"},{"@type":"ListItem","position":2,"name":"Contactez-nous"}]},{"@type":"WebSite","@id":"https:\/\/ccna-ccnv.ca\/fr\/#website","url":"https:\/\/ccna-ccnv.ca\/fr\/","name":"Canadian Consortium on Neurodegeneration in Aging","description":"","publisher":{"@id":"https:\/\/ccna-ccnv.ca\/fr\/#organization"},"alternateName":"CCNA - CCNV","potentialAction":[{"@type":"SearchAction","target":{"@type":"EntryPoint","urlTemplate":"https:\/\/ccna-ccnv.ca\/fr\/?s={search_term_string}"},"query-input":{"@type":"PropertyValueSpecification","valueRequired":true,"valueName":"search_term_string"}}],"inLanguage":"fr-CA"},{"@type":"Organization","@id":"https:\/\/ccna-ccnv.ca\/fr\/#organization","name":"Canadian Consortium on Neurodegeneration in Aging","alternateName":"CCNA - CCNV","url":"https:\/\/ccna-ccnv.ca\/fr\/","logo":{"@type":"ImageObject","inLanguage":"fr-CA","@id":"https:\/\/ccna-ccnv.ca\/fr\/#\/schema\/logo\/image\/","url":"https:\/\/ccna-ccnv.ca\/wp-content\/uploads\/2025\/01\/ccna-logo-on-white-background.jpg","contentUrl":"https:\/\/ccna-ccnv.ca\/wp-content\/uploads\/2025\/01\/ccna-logo-on-white-background.jpg","width":696,"height":696,"caption":"Canadian Consortium on Neurodegeneration in Aging"},"image":{"@id":"https:\/\/ccna-ccnv.ca\/fr\/#\/schema\/logo\/image\/"}}]}},"_links":{"self":[{"href":"https:\/\/ccna-ccnv.ca\/fr\/wp-json\/wp\/v2\/pages\/10241","targetHints":{"allow":["GET"]}}],"collection":[{"href":"https:\/\/ccna-ccnv.ca\/fr\/wp-json\/wp\/v2\/pages"}],"about":[{"href":"https:\/\/ccna-ccnv.ca\/fr\/wp-json\/wp\/v2\/types\/page"}],"author":[{"embeddable":true,"href":"https:\/\/ccna-ccnv.ca\/fr\/wp-json\/wp\/v2\/users\/11"}],"replies":[{"embeddable":true,"href":"https:\/\/ccna-ccnv.ca\/fr\/wp-json\/wp\/v2\/comments?post=10241"}],"version-history":[{"count":2,"href":"https:\/\/ccna-ccnv.ca\/fr\/wp-json\/wp\/v2\/pages\/10241\/revisions"}],"predecessor-version":[{"id":10243,"href":"https:\/\/ccna-ccnv.ca\/fr\/wp-json\/wp\/v2\/pages\/10241\/revisions\/10243"}],"wp:attachment":[{"href":"https:\/\/ccna-ccnv.ca\/fr\/wp-json\/wp\/v2\/media?parent=10241"}],"curies":[{"name":"wp","href":"https:\/\/api.w.org\/{rel}","templated":true}]}}