{"id":10280,"date":"2024-12-03T08:59:10","date_gmt":"2024-12-03T13:59:10","guid":{"rendered":"https:\/\/ccna-ccnv.ca\/politique-de-publication\/"},"modified":"2026-02-18T14:39:18","modified_gmt":"2026-02-18T19:39:18","slug":"processus-de-publication-et-acces-aux-donnees","status":"publish","type":"page","link":"https:\/\/ccna-ccnv.ca\/fr\/processus-de-publication-et-acces-aux-donnees\/","title":{"rendered":"Processus de publication et acc\u00e8s aux donn\u00e9es"},"content":{"rendered":"<div class=\"fusion-fullwidth fullwidth-box fusion-builder-row-1 fusion-flex-container has-pattern-background has-mask-background nonhundred-percent-fullwidth non-hundred-percent-height-scrolling\" style=\"--awb-border-radius-top-left:0px;--awb-border-radius-top-right:0px;--awb-border-radius-bottom-right:0px;--awb-border-radius-bottom-left:0px;--awb-padding-bottom:56px;--awb-padding-right-small:16px;--awb-padding-bottom-small:24px;--awb-padding-left-small:16px;--awb-flex-wrap:wrap;\" ><div class=\"fusion-builder-row fusion-row fusion-flex-align-items-flex-start fusion-flex-justify-content-center fusion-flex-content-wrap\" style=\"max-width:calc( 1400px + 0px );margin-left: calc(-0px \/ 2 );margin-right: calc(-0px \/ 2 );\"><div class=\"fusion-layout-column fusion_builder_column fusion-builder-column-0 fusion_builder_column_1_1 1_1 fusion-flex-column\" style=\"--awb-padding-top:96px;--awb-padding-right:72px;--awb-padding-bottom:96px;--awb-padding-left:84px;--awb-overflow:hidden;--awb-bg-color:var(--awb-color3);--awb-bg-color-hover:var(--awb-color3);--awb-bg-size:cover;--awb-border-radius:30px 30px 30px 30px;--awb-width-large:100%;--awb-margin-top-large:0px;--awb-spacing-right-large:0px;--awb-margin-bottom-large:20px;--awb-spacing-left-large:0px;--awb-width-medium:100%;--awb-order-medium:0;--awb-spacing-right-medium:0px;--awb-spacing-left-medium:0px;--awb-width-small:100%;--awb-order-small:0;--awb-spacing-right-small:0px;--awb-spacing-left-small:0px;\" data-scroll-devices=\"small-visibility,medium-visibility,large-visibility\"><div class=\"fusion-column-wrapper fusion-column-has-shadow fusion-flex-justify-content-flex-start fusion-content-layout-column\"><div class=\"fusion-builder-row fusion-builder-row-inner fusion-row fusion-flex-align-items-flex-start fusion-flex-justify-content-center fusion-flex-content-wrap\" style=\"width:calc( 100% + 0px ) !important;max-width:calc( 100% + 0px ) !important;margin-left: calc(-0px \/ 2 );margin-right: calc(-0px \/ 2 );\"><div class=\"fusion-layout-column fusion_builder_column_inner fusion-builder-nested-column-0 fusion_builder_column_inner_1_1 1_1 fusion-flex-column\" style=\"--awb-bg-size:cover;--awb-width-large:100%;--awb-margin-top-large:0px;--awb-spacing-right-large:0px;--awb-margin-bottom-large:20px;--awb-spacing-left-large:0px;--awb-width-medium:100%;--awb-order-medium:0;--awb-spacing-right-medium:0px;--awb-spacing-left-medium:0px;--awb-width-small:100%;--awb-order-small:0;--awb-spacing-right-small:0px;--awb-spacing-left-small:0px;\"><div class=\"fusion-column-wrapper fusion-column-has-shadow fusion-flex-justify-content-flex-start fusion-content-layout-column\"><div class=\"fusion-title title fusion-title-1 fusion-sep-none fusion-title-text fusion-title-size-one\" style=\"--awb-margin-bottom:48px;--awb-margin-bottom-small:48px;\"><h1 class=\"fusion-title-heading title-heading-left fusion-responsive-typography-calculated\" style=\"margin:0;--fontSize:54;line-height:var(--awb-typography1-line-height);\">Processus de publication et acc\u00e8s aux donn\u00e9es<\/h1><\/div><div class=\"fusion-text fusion-text-1\"><p>Le processus de publication et le Comit\u00e9 \u00e0 l\u2019acc\u00e8s aux donn\u00e9es du CCNV, ainsi que leur politique respectives, visent \u00e0 maximiser l\u2019impact et la publicit\u00e9 pour le CCNV et \u00e0 garantir que les publications et les demandes d\u2019acc\u00e8s aux donn\u00e9es suivent les lignes directrices du CCNV. Consultez les politiques ci-dessous pour plus de d\u00e9tails.<\/p>\n<p><strong>Tous les manuscrits mentionnant le CCNV dans la section des remerciements doivent \u00eatre examin\u00e9s par l&rsquo;administration centrale du CCNV avant la soumission \u00e0 une revue scientifique.<\/strong><\/p>\n<p><strong>Vous trouverez ci-dessous des liens vers:<\/strong><\/p>\n<\/div><\/div><\/div><div class=\"fusion-layout-column fusion_builder_column_inner fusion-builder-nested-column-1 fusion_builder_column_inner_1_1 1_1 fusion-flex-column\" style=\"--awb-padding-top:24px;--awb-padding-right:24px;--awb-padding-bottom:24px;--awb-padding-left:24px;--awb-overflow:hidden;--awb-bg-color:var(--awb-color1);--awb-bg-color-hover:var(--awb-color1);--awb-bg-size:cover;--awb-border-radius:30px 30px 30px 30px;--awb-width-large:100%;--awb-margin-top-large:0px;--awb-spacing-right-large:0px;--awb-margin-bottom-large:20px;--awb-spacing-left-large:0px;--awb-width-medium:100%;--awb-order-medium:0;--awb-spacing-right-medium:0px;--awb-spacing-left-medium:0px;--awb-width-small:100%;--awb-order-small:0;--awb-spacing-right-small:0px;--awb-spacing-left-small:0px;\" data-scroll-devices=\"small-visibility,medium-visibility,large-visibility\"><div class=\"fusion-column-wrapper fusion-column-has-shadow fusion-flex-justify-content-flex-start fusion-content-layout-column\"><ul style=\"--awb-iconcolor:var(--awb-color4);--awb-textcolor:var(--awb-color5);--awb-line-height:30.6px;--awb-icon-width:30.6px;--awb-icon-height:30.6px;--awb-icon-margin:12.6px;--awb-content-margin:43.2px;\" class=\"fusion-checklist fusion-checklist-1 fusion-checklist-default type-icons\"><li class=\"fusion-li-item\" style=\"\"><span class=\"icon-wrapper circle-no\"><i class=\"fusion-li-icon fa-file-alt fas\" aria-hidden=\"true\"><\/i><\/span><div class=\"fusion-li-item-content\">\n<p><a href=\"https:\/\/ccna-ccnv.ca\/wp-content\/uploads\/2026\/02\/Politique-de-publication-du-CCNV_2025-12-15.pdf\" target=\"_blank\" rel=\"noopener\">Politique de publication du CCNV<\/a><\/p>\n<\/div><\/li><li class=\"fusion-li-item\" style=\"\"><span class=\"icon-wrapper circle-no\"><i class=\"fusion-li-icon fa-file-alt fas\" aria-hidden=\"true\"><\/i><\/span><div class=\"fusion-li-item-content\">\n<p><a href=\"https:\/\/ccna-ccnv.ca\/wp-content\/uploads\/2026\/02\/Politique-du-Comite-dacces-aux-donnees-du-CCNV_2025-12-01-1.pdf\" target=\"_blank\" rel=\"noopener\">Politique du Comit\u00e9 d\u2019acc\u00e8s aux donn\u00e9es<\/a><\/p>\n<\/div><\/li><li class=\"fusion-li-item\" style=\"\"><span class=\"icon-wrapper circle-no\"><i class=\"fusion-li-icon fa-file-alt fas\" aria-hidden=\"true\"><\/i><\/span><div class=\"fusion-li-item-content\">\n<p><a href=\"https:\/\/ccna-ccnv.ca\/wp-content\/uploads\/2026\/02\/Politique-du-CCNV-pour-la-publication-et-lacces-aux-donnees-sur-la-sante-cognitive-des-autochtones_2025_12_01-1.pdf\" target=\"_blank\" rel=\"noopener\">Politique du CCNV pour la publication et l&rsquo;acc\u00e8s aux donn\u00e9es sur la sant\u00e9 cognitive des autochtones<\/a><\/p>\n<\/div><\/li><li class=\"fusion-li-item\" style=\"\"><span class=\"icon-wrapper circle-no\"><i class=\"fusion-li-icon fa-file-alt fas\" aria-hidden=\"true\"><\/i><\/span><div class=\"fusion-li-item-content\">\n<p><a href=\"https:\/\/ccna-ccnv.ca\/wp-content\/uploads\/2025\/05\/Comment-rediger-son-resume-en-langage-clair-et-simple-pour-le-CPAD-exemples.pdf\" target=\"_blank\" rel=\"noopener\">Comment r\u00e9diger son r\u00e9sum\u00e9 en langage clair et simple: exemples<\/a><\/p>\n<\/div><\/li><\/ul><\/div><\/div><div class=\"fusion-layout-column fusion_builder_column_inner fusion-builder-nested-column-2 fusion_builder_column_inner_1_1 1_1 fusion-flex-column\" style=\"--awb-bg-size:cover;--awb-width-large:100%;--awb-margin-top-large:0px;--awb-spacing-right-large:0px;--awb-margin-bottom-large:20px;--awb-spacing-left-large:0px;--awb-width-medium:100%;--awb-order-medium:0;--awb-spacing-right-medium:0px;--awb-spacing-left-medium:0px;--awb-width-small:100%;--awb-order-small:0;--awb-spacing-right-small:0px;--awb-spacing-left-small:0px;\"><div class=\"fusion-column-wrapper fusion-column-has-shadow fusion-flex-justify-content-flex-start fusion-content-layout-column\"><div ><a class=\"fusion-button button-flat fusion-button-default-size button-default fusion-button-default button-1 fusion-button-default-span fusion-button-default-type\" style=\"--button_margin-top:48px;\" target=\"_self\" href=\"https:\/\/ccna-ccnv.ca\/fr\/formulaire-soumission-au-cpad\/\"><span class=\"fusion-button-text awb-button__text awb-button__text--default\">Formulaire de soumission au CPAD<\/span><\/a><\/div><div class=\"fusion-text fusion-text-2\" style=\"--awb-margin-top:24px;\"><ul>\n<li>Si vous avez des questions relatives au processus de soumission au CPAD ou relatives \u00e0 l&rsquo;interpr\u00e9tation de la politique du CPAD, veuillez envoyer un courriel \u00e0 Alexandra Sosnowski\u00a0\u00e0 l\u2019adresse <strong><a href=\"mailto:asosnowski@research.baycrest.org\">asosnowski@research.baycrest.org<\/a><\/strong><\/li>\n<li>Si vous avez des questions concernant l&rsquo;acc\u00e8s aux donn\u00e9es ou la politique elle-m\u00eame, veuillez envoyer un courriel \u00e0 Turac Aydogan \u00e0 l&rsquo;adresse <a href=\"mailto:turac.aydogan@ladydavis.ca\" target=\"_blank\" rel=\"noopener\"><strong>turac.aydogan@ladydavis.ca<\/strong><\/a><\/li>\n<\/ul>\n<\/div><\/div><\/div><\/div><\/div><\/div><\/div><\/div>\n","protected":false},"excerpt":{"rendered":"","protected":false},"author":11,"featured_media":0,"parent":0,"menu_order":0,"comment_status":"closed","ping_status":"closed","template":"100-width.php","meta":{"_acf_changed":false,"footnotes":""},"class_list":["post-10280","page","type-page","status-publish","hentry"],"acf":[],"yoast_head":"<!-- This site is optimized with the Yoast SEO plugin v25.8 - https:\/\/yoast.com\/wordpress\/plugins\/seo\/ -->\n<title>Processus de publication et acc\u00e8s aux donn\u00e9es - CCNA - CCNV<\/title>\n<meta name=\"robots\" content=\"index, follow, max-snippet:-1, max-image-preview:large, max-video-preview:-1\" \/>\n<link rel=\"canonical\" href=\"https:\/\/ccna-ccnv.ca\/fr\/processus-de-publication-et-acces-aux-donnees\/\" \/>\n<meta property=\"og:locale\" content=\"fr_CA\" \/>\n<meta property=\"og:type\" content=\"article\" \/>\n<meta property=\"og:title\" content=\"Processus de publication et acc\u00e8s aux donn\u00e9es - CCNA - CCNV\" \/>\n<meta property=\"og:url\" content=\"https:\/\/ccna-ccnv.ca\/fr\/processus-de-publication-et-acces-aux-donnees\/\" \/>\n<meta property=\"og:site_name\" content=\"CCNA - CCNV\" \/>\n<meta property=\"article:modified_time\" content=\"2026-02-18T19:39:18+00:00\" \/>\n<meta property=\"og:image\" content=\"https:\/\/ccna-ccnv.ca\/wp-content\/uploads\/2025\/01\/CCNA.jpg\" \/>\n\t<meta property=\"og:image:width\" content=\"1200\" \/>\n\t<meta property=\"og:image:height\" content=\"675\" \/>\n\t<meta property=\"og:image:type\" content=\"image\/jpeg\" \/>\n<meta name=\"twitter:card\" content=\"summary_large_image\" \/>\n<meta name=\"twitter:label1\" content=\"Estimation du temps de lecture\" \/>\n\t<meta name=\"twitter:data1\" content=\"1 minute\" \/>\n<script type=\"application\/ld+json\" class=\"yoast-schema-graph\">{\"@context\":\"https:\/\/schema.org\",\"@graph\":[{\"@type\":\"WebPage\",\"@id\":\"https:\/\/ccna-ccnv.ca\/fr\/processus-de-publication-et-acces-aux-donnees\/\",\"url\":\"https:\/\/ccna-ccnv.ca\/fr\/processus-de-publication-et-acces-aux-donnees\/\",\"name\":\"Processus de publication et acc\u00e8s aux donn\u00e9es - CCNA - CCNV\",\"isPartOf\":{\"@id\":\"https:\/\/ccna-ccnv.ca\/fr\/#website\"},\"datePublished\":\"2024-12-03T13:59:10+00:00\",\"dateModified\":\"2026-02-18T19:39:18+00:00\",\"breadcrumb\":{\"@id\":\"https:\/\/ccna-ccnv.ca\/fr\/processus-de-publication-et-acces-aux-donnees\/#breadcrumb\"},\"inLanguage\":\"fr-CA\",\"potentialAction\":[{\"@type\":\"ReadAction\",\"target\":[\"https:\/\/ccna-ccnv.ca\/fr\/processus-de-publication-et-acces-aux-donnees\/\"]}]},{\"@type\":\"BreadcrumbList\",\"@id\":\"https:\/\/ccna-ccnv.ca\/fr\/processus-de-publication-et-acces-aux-donnees\/#breadcrumb\",\"itemListElement\":[{\"@type\":\"ListItem\",\"position\":1,\"name\":\"Home\",\"item\":\"https:\/\/ccna-ccnv.ca\/fr\/\"},{\"@type\":\"ListItem\",\"position\":2,\"name\":\"Processus de publication et acc\u00e8s aux donn\u00e9es\"}]},{\"@type\":\"WebSite\",\"@id\":\"https:\/\/ccna-ccnv.ca\/fr\/#website\",\"url\":\"https:\/\/ccna-ccnv.ca\/fr\/\",\"name\":\"Canadian Consortium on Neurodegeneration in Aging\",\"description\":\"\",\"publisher\":{\"@id\":\"https:\/\/ccna-ccnv.ca\/fr\/#organization\"},\"alternateName\":\"CCNA - CCNV\",\"potentialAction\":[{\"@type\":\"SearchAction\",\"target\":{\"@type\":\"EntryPoint\",\"urlTemplate\":\"https:\/\/ccna-ccnv.ca\/fr\/?s={search_term_string}\"},\"query-input\":{\"@type\":\"PropertyValueSpecification\",\"valueRequired\":true,\"valueName\":\"search_term_string\"}}],\"inLanguage\":\"fr-CA\"},{\"@type\":\"Organization\",\"@id\":\"https:\/\/ccna-ccnv.ca\/fr\/#organization\",\"name\":\"Canadian Consortium on Neurodegeneration in Aging\",\"alternateName\":\"CCNA - CCNV\",\"url\":\"https:\/\/ccna-ccnv.ca\/fr\/\",\"logo\":{\"@type\":\"ImageObject\",\"inLanguage\":\"fr-CA\",\"@id\":\"https:\/\/ccna-ccnv.ca\/fr\/#\/schema\/logo\/image\/\",\"url\":\"https:\/\/ccna-ccnv.ca\/wp-content\/uploads\/2025\/01\/ccna-logo-on-white-background.jpg\",\"contentUrl\":\"https:\/\/ccna-ccnv.ca\/wp-content\/uploads\/2025\/01\/ccna-logo-on-white-background.jpg\",\"width\":696,\"height\":696,\"caption\":\"Canadian Consortium on Neurodegeneration in Aging\"},\"image\":{\"@id\":\"https:\/\/ccna-ccnv.ca\/fr\/#\/schema\/logo\/image\/\"}}]}<\/script>\n<!-- \/ Yoast SEO plugin. -->","yoast_head_json":{"title":"Processus de publication et acc\u00e8s aux donn\u00e9es - CCNA - CCNV","robots":{"index":"index","follow":"follow","max-snippet":"max-snippet:-1","max-image-preview":"max-image-preview:large","max-video-preview":"max-video-preview:-1"},"canonical":"https:\/\/ccna-ccnv.ca\/fr\/processus-de-publication-et-acces-aux-donnees\/","og_locale":"fr_CA","og_type":"article","og_title":"Processus de publication et acc\u00e8s aux donn\u00e9es - CCNA - CCNV","og_url":"https:\/\/ccna-ccnv.ca\/fr\/processus-de-publication-et-acces-aux-donnees\/","og_site_name":"CCNA - CCNV","article_modified_time":"2026-02-18T19:39:18+00:00","og_image":[{"width":1200,"height":675,"url":"https:\/\/ccna-ccnv.ca\/wp-content\/uploads\/2025\/01\/CCNA.jpg","type":"image\/jpeg"}],"twitter_card":"summary_large_image","twitter_misc":{"Estimation du temps de lecture":"1 minute"},"schema":{"@context":"https:\/\/schema.org","@graph":[{"@type":"WebPage","@id":"https:\/\/ccna-ccnv.ca\/fr\/processus-de-publication-et-acces-aux-donnees\/","url":"https:\/\/ccna-ccnv.ca\/fr\/processus-de-publication-et-acces-aux-donnees\/","name":"Processus de publication et acc\u00e8s aux donn\u00e9es - CCNA - CCNV","isPartOf":{"@id":"https:\/\/ccna-ccnv.ca\/fr\/#website"},"datePublished":"2024-12-03T13:59:10+00:00","dateModified":"2026-02-18T19:39:18+00:00","breadcrumb":{"@id":"https:\/\/ccna-ccnv.ca\/fr\/processus-de-publication-et-acces-aux-donnees\/#breadcrumb"},"inLanguage":"fr-CA","potentialAction":[{"@type":"ReadAction","target":["https:\/\/ccna-ccnv.ca\/fr\/processus-de-publication-et-acces-aux-donnees\/"]}]},{"@type":"BreadcrumbList","@id":"https:\/\/ccna-ccnv.ca\/fr\/processus-de-publication-et-acces-aux-donnees\/#breadcrumb","itemListElement":[{"@type":"ListItem","position":1,"name":"Home","item":"https:\/\/ccna-ccnv.ca\/fr\/"},{"@type":"ListItem","position":2,"name":"Processus de publication et acc\u00e8s aux donn\u00e9es"}]},{"@type":"WebSite","@id":"https:\/\/ccna-ccnv.ca\/fr\/#website","url":"https:\/\/ccna-ccnv.ca\/fr\/","name":"Canadian Consortium on Neurodegeneration in Aging","description":"","publisher":{"@id":"https:\/\/ccna-ccnv.ca\/fr\/#organization"},"alternateName":"CCNA - CCNV","potentialAction":[{"@type":"SearchAction","target":{"@type":"EntryPoint","urlTemplate":"https:\/\/ccna-ccnv.ca\/fr\/?s={search_term_string}"},"query-input":{"@type":"PropertyValueSpecification","valueRequired":true,"valueName":"search_term_string"}}],"inLanguage":"fr-CA"},{"@type":"Organization","@id":"https:\/\/ccna-ccnv.ca\/fr\/#organization","name":"Canadian Consortium on Neurodegeneration in Aging","alternateName":"CCNA - CCNV","url":"https:\/\/ccna-ccnv.ca\/fr\/","logo":{"@type":"ImageObject","inLanguage":"fr-CA","@id":"https:\/\/ccna-ccnv.ca\/fr\/#\/schema\/logo\/image\/","url":"https:\/\/ccna-ccnv.ca\/wp-content\/uploads\/2025\/01\/ccna-logo-on-white-background.jpg","contentUrl":"https:\/\/ccna-ccnv.ca\/wp-content\/uploads\/2025\/01\/ccna-logo-on-white-background.jpg","width":696,"height":696,"caption":"Canadian Consortium on Neurodegeneration in Aging"},"image":{"@id":"https:\/\/ccna-ccnv.ca\/fr\/#\/schema\/logo\/image\/"}}]}},"_links":{"self":[{"href":"https:\/\/ccna-ccnv.ca\/fr\/wp-json\/wp\/v2\/pages\/10280","targetHints":{"allow":["GET"]}}],"collection":[{"href":"https:\/\/ccna-ccnv.ca\/fr\/wp-json\/wp\/v2\/pages"}],"about":[{"href":"https:\/\/ccna-ccnv.ca\/fr\/wp-json\/wp\/v2\/types\/page"}],"author":[{"embeddable":true,"href":"https:\/\/ccna-ccnv.ca\/fr\/wp-json\/wp\/v2\/users\/11"}],"replies":[{"embeddable":true,"href":"https:\/\/ccna-ccnv.ca\/fr\/wp-json\/wp\/v2\/comments?post=10280"}],"version-history":[{"count":33,"href":"https:\/\/ccna-ccnv.ca\/fr\/wp-json\/wp\/v2\/pages\/10280\/revisions"}],"predecessor-version":[{"id":18006,"href":"https:\/\/ccna-ccnv.ca\/fr\/wp-json\/wp\/v2\/pages\/10280\/revisions\/18006"}],"wp:attachment":[{"href":"https:\/\/ccna-ccnv.ca\/fr\/wp-json\/wp\/v2\/media?parent=10280"}],"curies":[{"name":"wp","href":"https:\/\/api.w.org\/{rel}","templated":true}]}}